{"id":1504,"date":"2026-02-15T16:12:48","date_gmt":"2026-02-15T16:12:48","guid":{"rendered":"https:\/\/eterna-link.com\/ueber-uns\/"},"modified":"2026-02-15T17:54:56","modified_gmt":"2026-02-15T17:54:56","slug":"ueber-uns","status":"publish","type":"page","link":"https:\/\/eterna-link.com\/de\/ueber-uns\/","title":{"rendered":"\u00dcber uns"},"content":{"rendered":"\n<div class=\"wp-block-cover alignfull\"><img loading=\"lazy\" decoding=\"async\" width=\"644\" height=\"300\" class=\"wp-block-cover__image-background wp-image-1125 size-full\" alt=\"\" src=\"https:\/\/eterna-link.com\/wp-content\/uploads\/2026\/02\/33db8f2a-8c91-40d7-9439-33623da5e69e-e1770574395217.png\" style=\"object-position:53% 86%\" data-object-fit=\"cover\" data-object-position=\"53% 86%\" srcset=\"https:\/\/eterna-link.com\/wp-content\/uploads\/2026\/02\/33db8f2a-8c91-40d7-9439-33623da5e69e-e1770574395217.png 644w, https:\/\/eterna-link.com\/wp-content\/uploads\/2026\/02\/33db8f2a-8c91-40d7-9439-33623da5e69e-e1770574395217-300x140.png 300w, https:\/\/eterna-link.com\/wp-content\/uploads\/2026\/02\/33db8f2a-8c91-40d7-9439-33623da5e69e-e1770574395217-600x280.png 600w\" sizes=\"auto, (max-width: 644px) 100vw, 644px\" \/><span aria-hidden=\"true\" class=\"wp-block-cover__background has-background-dim-80 has-background-dim\" style=\"background-color:#1f2a44\"><\/span><div class=\"wp-block-cover__inner-container is-layout-flow wp-block-cover-is-layout-flow\">\n<div class=\"wp-block-group alignfull is-layout-constrained wp-block-group-is-layout-constrained\">\n<div class=\"wp-block-getwid-advanced-heading has-custom-font-size fs-tablet-70 fs-mobile-60\" style=\"font-size:60px\"><h1 class=\"wp-block-getwid-advanced-heading__content has-text-color\" style=\"text-align:center;font-family:\"Playfair Display SC\";font-weight:700;color:#ffe7c9\">O nas<\/h1><\/div>\n<\/div>\n<\/div><\/div>\n\n<div class=\"wp-block-group alignfull has-background is-layout-constrained wp-block-group-is-layout-constrained\" style=\"background-color:#f0f0f0\">\n<div class=\"wp-block-getwid-advanced-heading\" style=\"margin-bottom:60px\"><h1 class=\"wp-block-getwid-advanced-heading__content has-text-color\" style=\"text-align:center;font-family:\"Playfair Display SC\";font-weight:700;color:#1f2a44\">Die Idee zu Eterna-Link <br>entstand aus einer pers\u00f6nlichen<br>Erfahrung.<br><\/h1><\/div>\n\n\n\n<div class=\"wp-block-columns are-vertically-aligned-top is-layout-flex wp-container-core-columns-is-layout-d9436eb6 wp-block-columns-is-layout-flex\" style=\"margin-top:0;margin-bottom:0;padding-top:var(--wp--preset--spacing--40);padding-bottom:var(--wp--preset--spacing--40)\">\n<div class=\"wp-block-column is-vertically-aligned-top is-layout-flow wp-block-column-is-layout-flow\">\n<div class=\"wp-block-getwid-advanced-heading\"><span class=\"wp-block-getwid-advanced-heading__content has-text-color has-ast-global-color-8-color\">Als es in unserer Familie zu einem unerwarteten Todesfall kam, reisten wir ins Ausland, um uns von einem geliebten Menschen zu verabschieden.<br>W\u00e4hrend unseres Aufenthalts besuchten wir auch die Gr\u00e4ber weiterer Familienmitglieder. In diesem Moment wurde uns etwas Schmerzhaftes bewusst:<br>Mit den Jahren verblassen Erinnerungen. Details gehen verloren, Geschichten bleiben unvollst\u00e4ndig, Fotos verschwinden.<br>Und doch w\u00fcnscht sich jeder von uns, dass die Erinnerungen an geliebte Menschen so lange wie m\u00f6glich lebendig bleiben.    <\/span><\/div>\n\n\n\n<div class=\"wp-block-getwid-advanced-heading\"><span class=\"wp-block-getwid-advanced-heading__content has-text-color has-ast-global-color-8-color\">Wir begannen nach einer L\u00f6sung zu suchen \u2013 einem Ort, an dem all diese Erinnerungen geb\u00fcndelt und bewahrt werden k\u00f6nnen.<br>Schnell stellten wir jedoch fest, dass die vorhandenen M\u00f6glichkeiten unseren Erwartungen nicht entsprachen.<br>Oft mussten Materialien an externe Anbieter versendet werden, Funktionen arbeiteten nicht zuverl\u00e4ssig, und vieles wirkte kompliziert und un\u00fcbersichtlich.  <\/span><\/div>\n<\/div>\n\n\n\n<div class=\"wp-block-column is-vertically-aligned-top is-layout-flow wp-block-column-is-layout-flow\">\n<div class=\"wp-block-getwid-advanced-heading\"><h2 class=\"wp-block-getwid-advanced-heading__content has-text-color\" style=\"font-family:\"Playfair Display SC\";font-weight:700;line-height:39px;padding-top:0px;color:#1f2a44\">Dann entstand ein einfacher Gedanke:<br>Warum schaffen wir nicht etwas Eigenes?<\/h2><\/div>\n\n\n\n<div class=\"wp-block-getwid-advanced-heading\"><h3 class=\"wp-block-getwid-advanced-heading__content has-text-color\" style=\"font-family:\"Playfair Display SC\";font-weight:700;color:#1f2a44\">So entstand Eterna-Link.<\/h3><\/div>\n\n\n\n<div class=\"wp-block-getwid-advanced-heading\"><span class=\"wp-block-getwid-advanced-heading__content has-text-color has-ast-global-color-8-color\">Von Anfang an war uns klar, dass wir kein weiteres unpers\u00f6nliches Produkt entwickeln wollten.<br>Wir wollten einen Ort schaffen, der gemeinsam mit den Menschen w\u00e4chst.<br>Wir h\u00f6ren unseren Nutzerinnen und Nutzern zu, nehmen ihre R\u00fcckmeldungen ernst und entwickeln die Plattform Schritt f\u00fcr Schritt weiter.<br>Unser Ziel ist es, Erinnerungen in einer w\u00fcrdevollen, strukturierten und dauerhaft zug\u00e4nglichen Form zu bewahren \u2013<br>damit sie \u00fcber viele Jahre hinweg bestehen bleiben.   <\/span><\/div>\n<\/div>\n<\/div>\n\n\n\n<div class=\"wp-block-group alignfull is-layout-constrained wp-block-group-is-layout-constrained\" style=\"margin-top:var(--wp--preset--spacing--70);margin-bottom:var(--wp--preset--spacing--70)\">\n<div class=\"wp-block-cover is-light\" style=\"border-top-left-radius:30px;border-top-right-radius:30px;border-bottom-left-radius:30px;border-bottom-right-radius:30px\"><img loading=\"lazy\" decoding=\"async\" width=\"2560\" height=\"1707\" class=\"wp-block-cover__image-background wp-image-1197\" alt=\"\" src=\"https:\/\/eterna-link.com\/wp-content\/uploads\/2026\/02\/82208b451f0b9698b53c316f64651a8523bce5f9-scaled.jpg\" data-object-fit=\"cover\" srcset=\"https:\/\/eterna-link.com\/wp-content\/uploads\/2026\/02\/82208b451f0b9698b53c316f64651a8523bce5f9-scaled.jpg 2560w, https:\/\/eterna-link.com\/wp-content\/uploads\/2026\/02\/82208b451f0b9698b53c316f64651a8523bce5f9-300x200.jpg 300w, https:\/\/eterna-link.com\/wp-content\/uploads\/2026\/02\/82208b451f0b9698b53c316f64651a8523bce5f9-1024x683.jpg 1024w, https:\/\/eterna-link.com\/wp-content\/uploads\/2026\/02\/82208b451f0b9698b53c316f64651a8523bce5f9-768x512.jpg 768w, https:\/\/eterna-link.com\/wp-content\/uploads\/2026\/02\/82208b451f0b9698b53c316f64651a8523bce5f9-1536x1024.jpg 1536w, https:\/\/eterna-link.com\/wp-content\/uploads\/2026\/02\/82208b451f0b9698b53c316f64651a8523bce5f9-2048x1366.jpg 2048w, https:\/\/eterna-link.com\/wp-content\/uploads\/2026\/02\/82208b451f0b9698b53c316f64651a8523bce5f9-600x400.jpg 600w\" sizes=\"auto, (max-width: 2560px) 100vw, 2560px\" \/><span aria-hidden=\"true\" class=\"wp-block-cover__background has-background-dim-0 has-background-dim\"><\/span><div class=\"wp-block-cover__inner-container is-layout-flow wp-block-cover-is-layout-flow\">\n<p class=\"has-text-align-center has-large-font-size\"><\/p>\n<\/div><\/div>\n<\/div>\n<\/div>\n","protected":false},"excerpt":{"rendered":"","protected":false},"author":1,"featured_media":0,"parent":0,"menu_order":0,"comment_status":"closed","ping_status":"closed","template":"","meta":{"_acf_changed":false,"inline_featured_image":false,"site-sidebar-layout":"default","site-content-layout":"","ast-site-content-layout":"default","site-content-style":"default","site-sidebar-style":"default","ast-global-header-display":"","ast-banner-title-visibility":"","ast-main-header-display":"","ast-hfb-above-header-display":"","ast-hfb-below-header-display":"","ast-hfb-mobile-header-display":"","site-post-title":"disabled","ast-breadcrumbs-content":"","ast-featured-img":"","footer-sml-layout":"","ast-disable-related-posts":"","theme-transparent-header-meta":"","adv-header-id-meta":"","stick-header-meta":"","header-above-stick-meta":"","header-main-stick-meta":"","header-below-stick-meta":"","astra-migrate-meta-layouts":"default","ast-page-background-enabled":"default","ast-page-background-meta":{"desktop":{"background-color":"var(--ast-global-color-5)","background-image":"","background-repeat":"repeat","background-position":"center center","background-size":"auto","background-attachment":"scroll","background-type":"","background-media":"","overlay-type":"","overlay-color":"","overlay-opacity":"","overlay-gradient":""},"tablet":{"background-color":"","background-image":"","background-repeat":"repeat","background-position":"center center","background-size":"auto","background-attachment":"scroll","background-type":"","background-media":"","overlay-type":"","overlay-color":"","overlay-opacity":"","overlay-gradient":""},"mobile":{"background-color":"","background-image":"","background-repeat":"repeat","background-position":"center center","background-size":"auto","background-attachment":"scroll","background-type":"","background-media":"","overlay-type":"","overlay-color":"","overlay-opacity":"","overlay-gradient":""}},"ast-content-background-meta":{"desktop":{"background-color":"var(--ast-global-color-4)","background-image":"","background-repeat":"repeat","background-position":"center center","background-size":"auto","background-attachment":"scroll","background-type":"","background-media":"","overlay-type":"","overlay-color":"","overlay-opacity":"","overlay-gradient":""},"tablet":{"background-color":"var(--ast-global-color-4)","background-image":"","background-repeat":"repeat","background-position":"center center","background-size":"auto","background-attachment":"scroll","background-type":"","background-media":"","overlay-type":"","overlay-color":"","overlay-opacity":"","overlay-gradient":""},"mobile":{"background-color":"var(--ast-global-color-4)","background-image":"","background-repeat":"repeat","background-position":"center center","background-size":"auto","background-attachment":"scroll","background-type":"","background-media":"","overlay-type":"","overlay-color":"","overlay-opacity":"","overlay-gradient":""}},"footnotes":""},"class_list":["post-1504","page","type-page","status-publish","hentry"],"acf":[],"yoast_head":"<!-- This site is optimized with the Yoast SEO plugin v27.4 - https:\/\/yoast.com\/product\/yoast-seo-wordpress\/ -->\n<title>Eterna-Link \u2013 Digitaler QR-Gedenkort | \u00dcber uns<\/title>\n<meta name=\"description\" content=\"Lernen Sie Eterna-Link kennen \u2013 einen digitalen Gedenkort mit QR-Code.Entdecken Sie unsere Mission:Wir verbinden dauerhafte Erinnerungsst\u00fccke mit moderner Technologie und schaffen so einen gesch\u00fctzten digitalen Raum f\u00fcr Erinnerungen.\" \/>\n<meta name=\"robots\" content=\"index, follow, max-snippet:-1, max-image-preview:large, max-video-preview:-1\" \/>\n<link rel=\"canonical\" href=\"https:\/\/eterna-link.com\/de\/ueber-uns\/\" \/>\n<meta property=\"og:locale\" content=\"de_DE\" \/>\n<meta property=\"og:type\" content=\"article\" \/>\n<meta property=\"og:title\" content=\"Eterna-Link \u2013 Digitaler QR-Gedenkort | \u00dcber uns\" \/>\n<meta property=\"og:description\" content=\"Lernen Sie Eterna-Link kennen \u2013 einen digitalen Gedenkort mit QR-Code.Entdecken Sie unsere Mission:Wir verbinden dauerhafte Erinnerungsst\u00fccke mit moderner Technologie und schaffen so einen gesch\u00fctzten digitalen Raum f\u00fcr Erinnerungen.\" \/>\n<meta property=\"og:url\" content=\"https:\/\/eterna-link.com\/de\/ueber-uns\/\" \/>\n<meta property=\"og:site_name\" content=\"eterna-link\" \/>\n<meta property=\"article:modified_time\" content=\"2026-02-15T17:54:56+00:00\" \/>\n<meta property=\"og:image\" content=\"https:\/\/eterna-link.com\/wp-content\/uploads\/2026\/02\/33db8f2a-8c91-40d7-9439-33623da5e69e-e1770574395217.png\" \/>\n\t<meta property=\"og:image:width\" content=\"644\" \/>\n\t<meta property=\"og:image:height\" content=\"300\" \/>\n\t<meta property=\"og:image:type\" content=\"image\/png\" \/>\n<meta name=\"twitter:card\" content=\"summary_large_image\" \/>\n<meta name=\"twitter:label1\" content=\"Gesch\u00e4tzte Lesezeit\" \/>\n\t<meta name=\"twitter:data1\" content=\"1\u00a0Minute\" \/>\n<script type=\"application\/ld+json\" class=\"yoast-schema-graph\">{\"@context\":\"https:\\\/\\\/schema.org\",\"@graph\":[{\"@type\":\"WebPage\",\"@id\":\"https:\\\/\\\/eterna-link.com\\\/de\\\/ueber-uns\\\/\",\"url\":\"https:\\\/\\\/eterna-link.com\\\/de\\\/ueber-uns\\\/\",\"name\":\"Eterna-Link \u2013 Digitaler QR-Gedenkort | \u00dcber uns\",\"isPartOf\":{\"@id\":\"https:\\\/\\\/eterna-link.com\\\/de\\\/#website\"},\"primaryImageOfPage\":{\"@id\":\"https:\\\/\\\/eterna-link.com\\\/de\\\/ueber-uns\\\/#primaryimage\"},\"image\":{\"@id\":\"https:\\\/\\\/eterna-link.com\\\/de\\\/ueber-uns\\\/#primaryimage\"},\"thumbnailUrl\":\"https:\\\/\\\/eterna-link.com\\\/wp-content\\\/uploads\\\/2026\\\/02\\\/33db8f2a-8c91-40d7-9439-33623da5e69e-e1770574395217.png\",\"datePublished\":\"2026-02-15T16:12:48+00:00\",\"dateModified\":\"2026-02-15T17:54:56+00:00\",\"description\":\"Lernen Sie Eterna-Link kennen \u2013 einen digitalen Gedenkort mit QR-Code.Entdecken Sie unsere Mission:Wir verbinden dauerhafte Erinnerungsst\u00fccke mit moderner Technologie und schaffen so einen gesch\u00fctzten digitalen Raum f\u00fcr Erinnerungen.\",\"breadcrumb\":{\"@id\":\"https:\\\/\\\/eterna-link.com\\\/de\\\/ueber-uns\\\/#breadcrumb\"},\"inLanguage\":\"de\",\"potentialAction\":[{\"@type\":\"ReadAction\",\"target\":[\"https:\\\/\\\/eterna-link.com\\\/de\\\/ueber-uns\\\/\"]}]},{\"@type\":\"ImageObject\",\"inLanguage\":\"de\",\"@id\":\"https:\\\/\\\/eterna-link.com\\\/de\\\/ueber-uns\\\/#primaryimage\",\"url\":\"https:\\\/\\\/eterna-link.com\\\/wp-content\\\/uploads\\\/2026\\\/02\\\/33db8f2a-8c91-40d7-9439-33623da5e69e-e1770574395217.png\",\"contentUrl\":\"https:\\\/\\\/eterna-link.com\\\/wp-content\\\/uploads\\\/2026\\\/02\\\/33db8f2a-8c91-40d7-9439-33623da5e69e-e1770574395217.png\"},{\"@type\":\"BreadcrumbList\",\"@id\":\"https:\\\/\\\/eterna-link.com\\\/de\\\/ueber-uns\\\/#breadcrumb\",\"itemListElement\":[{\"@type\":\"ListItem\",\"position\":1,\"name\":\"Home\",\"item\":\"https:\\\/\\\/eterna-link.com\\\/de\\\/\"},{\"@type\":\"ListItem\",\"position\":2,\"name\":\"\u00dcber uns\"}]},{\"@type\":\"WebSite\",\"@id\":\"https:\\\/\\\/eterna-link.com\\\/de\\\/#website\",\"url\":\"https:\\\/\\\/eterna-link.com\\\/de\\\/\",\"name\":\"eterna-link\",\"description\":\"\",\"potentialAction\":[{\"@type\":\"SearchAction\",\"target\":{\"@type\":\"EntryPoint\",\"urlTemplate\":\"https:\\\/\\\/eterna-link.com\\\/de\\\/?s={search_term_string}\"},\"query-input\":{\"@type\":\"PropertyValueSpecification\",\"valueRequired\":true,\"valueName\":\"search_term_string\"}}],\"inLanguage\":\"de\"}]}<\/script>\n<!-- \/ Yoast SEO plugin. -->","yoast_head_json":{"title":"Eterna-Link \u2013 Digitaler QR-Gedenkort | \u00dcber uns","description":"Lernen Sie Eterna-Link kennen \u2013 einen digitalen Gedenkort mit QR-Code.Entdecken Sie unsere Mission:Wir verbinden dauerhafte Erinnerungsst\u00fccke mit moderner Technologie und schaffen so einen gesch\u00fctzten digitalen Raum f\u00fcr Erinnerungen.","robots":{"index":"index","follow":"follow","max-snippet":"max-snippet:-1","max-image-preview":"max-image-preview:large","max-video-preview":"max-video-preview:-1"},"canonical":"https:\/\/eterna-link.com\/de\/ueber-uns\/","og_locale":"de_DE","og_type":"article","og_title":"Eterna-Link \u2013 Digitaler QR-Gedenkort | \u00dcber uns","og_description":"Lernen Sie Eterna-Link kennen \u2013 einen digitalen Gedenkort mit QR-Code.Entdecken Sie unsere Mission:Wir verbinden dauerhafte Erinnerungsst\u00fccke mit moderner Technologie und schaffen so einen gesch\u00fctzten digitalen Raum f\u00fcr Erinnerungen.","og_url":"https:\/\/eterna-link.com\/de\/ueber-uns\/","og_site_name":"eterna-link","article_modified_time":"2026-02-15T17:54:56+00:00","og_image":[{"width":644,"height":300,"url":"https:\/\/eterna-link.com\/wp-content\/uploads\/2026\/02\/33db8f2a-8c91-40d7-9439-33623da5e69e-e1770574395217.png","type":"image\/png"}],"twitter_card":"summary_large_image","twitter_misc":{"Gesch\u00e4tzte Lesezeit":"1\u00a0Minute"},"schema":{"@context":"https:\/\/schema.org","@graph":[{"@type":"WebPage","@id":"https:\/\/eterna-link.com\/de\/ueber-uns\/","url":"https:\/\/eterna-link.com\/de\/ueber-uns\/","name":"Eterna-Link \u2013 Digitaler QR-Gedenkort | \u00dcber uns","isPartOf":{"@id":"https:\/\/eterna-link.com\/de\/#website"},"primaryImageOfPage":{"@id":"https:\/\/eterna-link.com\/de\/ueber-uns\/#primaryimage"},"image":{"@id":"https:\/\/eterna-link.com\/de\/ueber-uns\/#primaryimage"},"thumbnailUrl":"https:\/\/eterna-link.com\/wp-content\/uploads\/2026\/02\/33db8f2a-8c91-40d7-9439-33623da5e69e-e1770574395217.png","datePublished":"2026-02-15T16:12:48+00:00","dateModified":"2026-02-15T17:54:56+00:00","description":"Lernen Sie Eterna-Link kennen \u2013 einen digitalen Gedenkort mit QR-Code.Entdecken Sie unsere Mission:Wir verbinden dauerhafte Erinnerungsst\u00fccke mit moderner Technologie und schaffen so einen gesch\u00fctzten digitalen Raum f\u00fcr Erinnerungen.","breadcrumb":{"@id":"https:\/\/eterna-link.com\/de\/ueber-uns\/#breadcrumb"},"inLanguage":"de","potentialAction":[{"@type":"ReadAction","target":["https:\/\/eterna-link.com\/de\/ueber-uns\/"]}]},{"@type":"ImageObject","inLanguage":"de","@id":"https:\/\/eterna-link.com\/de\/ueber-uns\/#primaryimage","url":"https:\/\/eterna-link.com\/wp-content\/uploads\/2026\/02\/33db8f2a-8c91-40d7-9439-33623da5e69e-e1770574395217.png","contentUrl":"https:\/\/eterna-link.com\/wp-content\/uploads\/2026\/02\/33db8f2a-8c91-40d7-9439-33623da5e69e-e1770574395217.png"},{"@type":"BreadcrumbList","@id":"https:\/\/eterna-link.com\/de\/ueber-uns\/#breadcrumb","itemListElement":[{"@type":"ListItem","position":1,"name":"Home","item":"https:\/\/eterna-link.com\/de\/"},{"@type":"ListItem","position":2,"name":"\u00dcber uns"}]},{"@type":"WebSite","@id":"https:\/\/eterna-link.com\/de\/#website","url":"https:\/\/eterna-link.com\/de\/","name":"eterna-link","description":"","potentialAction":[{"@type":"SearchAction","target":{"@type":"EntryPoint","urlTemplate":"https:\/\/eterna-link.com\/de\/?s={search_term_string}"},"query-input":{"@type":"PropertyValueSpecification","valueRequired":true,"valueName":"search_term_string"}}],"inLanguage":"de"}]}},"_links":{"self":[{"href":"https:\/\/eterna-link.com\/de\/wp-json\/wp\/v2\/pages\/1504","targetHints":{"allow":["GET"]}}],"collection":[{"href":"https:\/\/eterna-link.com\/de\/wp-json\/wp\/v2\/pages"}],"about":[{"href":"https:\/\/eterna-link.com\/de\/wp-json\/wp\/v2\/types\/page"}],"author":[{"embeddable":true,"href":"https:\/\/eterna-link.com\/de\/wp-json\/wp\/v2\/users\/1"}],"replies":[{"embeddable":true,"href":"https:\/\/eterna-link.com\/de\/wp-json\/wp\/v2\/comments?post=1504"}],"version-history":[{"count":3,"href":"https:\/\/eterna-link.com\/de\/wp-json\/wp\/v2\/pages\/1504\/revisions"}],"predecessor-version":[{"id":1511,"href":"https:\/\/eterna-link.com\/de\/wp-json\/wp\/v2\/pages\/1504\/revisions\/1511"}],"wp:attachment":[{"href":"https:\/\/eterna-link.com\/de\/wp-json\/wp\/v2\/media?parent=1504"}],"curies":[{"name":"wp","href":"https:\/\/api.w.org\/{rel}","templated":true}]}}