{"id":1431,"date":"2026-02-15T16:12:48","date_gmt":"2026-02-15T16:12:48","guid":{"rendered":"https:\/\/eterna-link.com\/?page_id=1431"},"modified":"2026-04-02T10:44:05","modified_gmt":"2026-04-02T10:44:05","slug":"o-nas","status":"publish","type":"page","link":"https:\/\/eterna-link.com\/pl\/o-nas\/","title":{"rendered":"o  nas"},"content":{"rendered":"\n<div class=\"wp-block-cover alignfull\"><img loading=\"lazy\" decoding=\"async\" width=\"644\" height=\"300\" class=\"wp-block-cover__image-background wp-image-1125 size-full\" alt=\"\" src=\"https:\/\/eterna-link.com\/wp-content\/uploads\/2026\/02\/33db8f2a-8c91-40d7-9439-33623da5e69e-e1770574395217.png\" style=\"object-position:53% 86%\" data-object-fit=\"cover\" data-object-position=\"53% 86%\" srcset=\"https:\/\/eterna-link.com\/wp-content\/uploads\/2026\/02\/33db8f2a-8c91-40d7-9439-33623da5e69e-e1770574395217.png 644w, https:\/\/eterna-link.com\/wp-content\/uploads\/2026\/02\/33db8f2a-8c91-40d7-9439-33623da5e69e-e1770574395217-300x140.png 300w, https:\/\/eterna-link.com\/wp-content\/uploads\/2026\/02\/33db8f2a-8c91-40d7-9439-33623da5e69e-e1770574395217-600x280.png 600w\" sizes=\"auto, (max-width: 644px) 100vw, 644px\" \/><span aria-hidden=\"true\" class=\"wp-block-cover__background has-background-dim-80 has-background-dim\" style=\"background-color:#1f2a44\"><\/span><div class=\"wp-block-cover__inner-container is-layout-flow wp-block-cover-is-layout-flow\">\n<div class=\"wp-block-group alignfull is-layout-constrained wp-block-group-is-layout-constrained\">\n<div class=\"wp-block-getwid-advanced-heading has-custom-font-size fs-tablet-70 fs-mobile-60\" style=\"font-size:60px\"><h1 class=\"wp-block-getwid-advanced-heading__content has-text-color\" style=\"text-align:center;font-family:&quot;Playfair Display SC&quot;;font-weight:700;color:#ffe7c9\">O nas<\/h1><\/div>\n<\/div>\n<\/div><\/div>\n\n\n\n<div class=\"wp-block-group alignfull has-background is-layout-constrained wp-block-group-is-layout-constrained\" style=\"background-color:#f0f0f0\">\n<div class=\"wp-block-getwid-advanced-heading\" style=\"margin-bottom:60px\"><h2 class=\"wp-block-getwid-advanced-heading__content has-text-color\" style=\"text-align:center;font-family:&quot;Playfair Display SC&quot;;font-weight:700;color:#1f2a44\">Pomys\u0142 na Eterna-Link <br>narodzi\u0142 si\u0119 z osobistego <br>do\u015bwiadczenia.<\/h2><\/div>\n\n\n\n<div class=\"wp-block-columns are-vertically-aligned-top is-layout-flex wp-container-core-columns-is-layout-d9436eb6 wp-block-columns-is-layout-flex\" style=\"margin-top:0;margin-bottom:0;padding-top:var(--wp--preset--spacing--40);padding-bottom:var(--wp--preset--spacing--40)\">\n<div class=\"wp-block-column is-vertically-aligned-top is-layout-flow wp-block-column-is-layout-flow\">\n<div class=\"wp-block-getwid-advanced-heading\"><span class=\"wp-block-getwid-advanced-heading__content has-text-color has-ast-global-color-8-color\">Kiedy w naszej rodzinie wydarzy\u0142a si\u0119 niespodziewana \u015bmier\u0107, musieli\u015bmy pojecha\u0107 za granic\u0119 na pogrzeb bliskiej osoby. B\u0119d\u0105c tam, odwiedzili\u015bmy tak\u017ce groby innych cz\u0142onk\u00f3w rodziny. Wtedy dotar\u0142o do nas co\u015b trudnego \u2014 z biegiem lat pami\u0119\u0107 s\u0142abnie. Zaczynamy zapomina\u0107 szczeg\u00f3\u0142y, historie si\u0119 urywaj\u0105, zdj\u0119cia gdzie\u015b przepadaj\u0105. A przecie\u017c ka\u017cdy chcia\u0142by, \u017ceby wspomnienia o ukochanych osobach zosta\u0142y z nami jak najd\u0142u\u017cej.<\/span><\/div>\n\n\n\n<div class=\"wp-block-getwid-advanced-heading\"><span class=\"wp-block-getwid-advanced-heading__content has-text-color has-ast-global-color-8-color\">Zacz\u0119li\u015bmy wi\u0119c szuka\u0107 rozwi\u0105zania, kt\u00f3re pozwoli\u0142oby zachowa\u0107 te wspomnienia w jednym miejscu. Szybko okaza\u0142o<br>si\u0119 jednak, \u017ce dost\u0119pne opcje nie spe\u0142niaj\u0105 tego, czego potrzebowali\u015bmy. Cz\u0119sto trzeba by\u0142o wysy\u0142a\u0107 materia\u0142y do zewn\u0119trznych firm, cz\u0119\u015b\u0107 funkcji nie dzia\u0142a\u0142a tak, jak powinna,<br>a ca\u0142o\u015b\u0107 by\u0142a nieintuicyjna i chaotyczna.<\/span><\/div>\n<\/div>\n\n\n\n<div class=\"wp-block-column is-vertically-aligned-top is-layout-flow wp-block-column-is-layout-flow\">\n<div class=\"wp-block-getwid-advanced-heading\"><h3 class=\"wp-block-getwid-advanced-heading__content has-text-color\" style=\"font-family:&quot;Playfair Display SC&quot;;font-weight:700;line-height:39px;padding-top:0px;color:#1f2a44\">Wtedy pojawi\u0142a si\u0119 prosta my\u015bl:<br>a mo\u017ce spr\u00f3bujemy stworzy\u0107 co\u015b w\u0142asnego?<\/h3><\/div>\n\n\n\n<div class=\"wp-block-getwid-advanced-heading\"><h4 class=\"wp-block-getwid-advanced-heading__content has-text-color\" style=\"font-family:&quot;Playfair Display SC&quot;;font-weight:700;color:#1f2a44\">Tak powsta\u0142o Eterna-Link.<\/h4><\/div>\n\n\n\n<div class=\"wp-block-getwid-advanced-heading\"><span class=\"wp-block-getwid-advanced-heading__content has-text-color has-ast-global-color-8-color\">Od pocz\u0105tku wiedzieli\u015bmy, \u017ce nie chcemy budowa\u0107 kolejnego bezosobowego produktu. Chcieli\u015bmy stworzy\u0107 miejsce, kt\u00f3re b\u0119dzie tworzone razem z lud\u017ami. S\u0142uchamy u\u017cytkownik\u00f3w, zbieramy ich opinie i rozwijamy platform\u0119 krok po kroku. Wszystko po to, by wspomnienia bliskich mog\u0142y pozosta\u0107 z nami na d\u0142ugie lata \u2014 w godnej, uporz\u0105dkowanej i dost\u0119pnej formie.<\/span><\/div>\n<\/div>\n<\/div>\n\n\n\n<div class=\"wp-block-group alignfull is-layout-constrained wp-block-group-is-layout-constrained\" style=\"margin-top:var(--wp--preset--spacing--70);margin-bottom:var(--wp--preset--spacing--70)\">\n<div class=\"wp-block-cover is-light\" style=\"border-top-left-radius:30px;border-top-right-radius:30px;border-bottom-left-radius:30px;border-bottom-right-radius:30px\"><img loading=\"lazy\" decoding=\"async\" width=\"2560\" height=\"1707\" class=\"wp-block-cover__image-background wp-image-1197\" alt=\"\" src=\"https:\/\/eterna-link.com\/wp-content\/uploads\/2026\/02\/82208b451f0b9698b53c316f64651a8523bce5f9-scaled.jpg\" data-object-fit=\"cover\" srcset=\"https:\/\/eterna-link.com\/wp-content\/uploads\/2026\/02\/82208b451f0b9698b53c316f64651a8523bce5f9-scaled.jpg 2560w, https:\/\/eterna-link.com\/wp-content\/uploads\/2026\/02\/82208b451f0b9698b53c316f64651a8523bce5f9-300x200.jpg 300w, https:\/\/eterna-link.com\/wp-content\/uploads\/2026\/02\/82208b451f0b9698b53c316f64651a8523bce5f9-1024x683.jpg 1024w, https:\/\/eterna-link.com\/wp-content\/uploads\/2026\/02\/82208b451f0b9698b53c316f64651a8523bce5f9-768x512.jpg 768w, https:\/\/eterna-link.com\/wp-content\/uploads\/2026\/02\/82208b451f0b9698b53c316f64651a8523bce5f9-1536x1024.jpg 1536w, https:\/\/eterna-link.com\/wp-content\/uploads\/2026\/02\/82208b451f0b9698b53c316f64651a8523bce5f9-2048x1366.jpg 2048w, https:\/\/eterna-link.com\/wp-content\/uploads\/2026\/02\/82208b451f0b9698b53c316f64651a8523bce5f9-600x400.jpg 600w\" sizes=\"auto, (max-width: 2560px) 100vw, 2560px\" \/><span aria-hidden=\"true\" class=\"wp-block-cover__background has-background-dim-0 has-background-dim\"><\/span><div class=\"wp-block-cover__inner-container is-layout-flow wp-block-cover-is-layout-flow\">\n<p class=\"has-text-align-center has-large-font-size\"><\/p>\n<\/div><\/div>\n<\/div>\n<\/div>\n","protected":false},"excerpt":{"rendered":"","protected":false},"author":1,"featured_media":0,"parent":0,"menu_order":0,"comment_status":"closed","ping_status":"closed","template":"","meta":{"_acf_changed":false,"inline_featured_image":false,"site-sidebar-layout":"default","site-content-layout":"","ast-site-content-layout":"default","site-content-style":"default","site-sidebar-style":"default","ast-global-header-display":"","ast-banner-title-visibility":"","ast-main-header-display":"","ast-hfb-above-header-display":"","ast-hfb-below-header-display":"","ast-hfb-mobile-header-display":"","site-post-title":"disabled","ast-breadcrumbs-content":"","ast-featured-img":"","footer-sml-layout":"","ast-disable-related-posts":"","theme-transparent-header-meta":"","adv-header-id-meta":"","stick-header-meta":"","header-above-stick-meta":"","header-main-stick-meta":"","header-below-stick-meta":"","astra-migrate-meta-layouts":"default","ast-page-background-enabled":"default","ast-page-background-meta":{"desktop":{"background-color":"var(--ast-global-color-5)","background-image":"","background-repeat":"repeat","background-position":"center center","background-size":"auto","background-attachment":"scroll","background-type":"","background-media":"","overlay-type":"","overlay-color":"","overlay-opacity":"","overlay-gradient":""},"tablet":{"background-color":"","background-image":"","background-repeat":"repeat","background-position":"center center","background-size":"auto","background-attachment":"scroll","background-type":"","background-media":"","overlay-type":"","overlay-color":"","overlay-opacity":"","overlay-gradient":""},"mobile":{"background-color":"","background-image":"","background-repeat":"repeat","background-position":"center center","background-size":"auto","background-attachment":"scroll","background-type":"","background-media":"","overlay-type":"","overlay-color":"","overlay-opacity":"","overlay-gradient":""}},"ast-content-background-meta":{"desktop":{"background-color":"var(--ast-global-color-4)","background-image":"","background-repeat":"repeat","background-position":"center center","background-size":"auto","background-attachment":"scroll","background-type":"","background-media":"","overlay-type":"","overlay-color":"","overlay-opacity":"","overlay-gradient":""},"tablet":{"background-color":"var(--ast-global-color-4)","background-image":"","background-repeat":"repeat","background-position":"center center","background-size":"auto","background-attachment":"scroll","background-type":"","background-media":"","overlay-type":"","overlay-color":"","overlay-opacity":"","overlay-gradient":""},"mobile":{"background-color":"var(--ast-global-color-4)","background-image":"","background-repeat":"repeat","background-position":"center center","background-size":"auto","background-attachment":"scroll","background-type":"","background-media":"","overlay-type":"","overlay-color":"","overlay-opacity":"","overlay-gradient":""}},"footnotes":""},"class_list":["post-1431","page","type-page","status-publish","hentry"],"acf":[],"yoast_head":"<!-- This site is optimized with the Yoast SEO plugin v27.4 - https:\/\/yoast.com\/product\/yoast-seo-wordpress\/ -->\n<title>Eterna-Link \u2013 cyfrowe miejsce pami\u0119ci QR | O nas<\/title>\n<meta name=\"description\" content=\"Poznaj Eterna-Link \u2013 cyfrowe miejsce pami\u0119ci z QR. Odkryj nasz\u0105 misj\u0119, jak \u0142\u0105czymy trwa\u0142e pami\u0105tki z technologi\u0105, tworz\u0105c cyfrow\u0105 przestrze\u0144 wspomnie\u0144.\" \/>\n<meta name=\"robots\" content=\"index, follow, max-snippet:-1, max-image-preview:large, max-video-preview:-1\" \/>\n<link rel=\"canonical\" href=\"https:\/\/eterna-link.com\/pl\/o-nas\/\" \/>\n<meta property=\"og:locale\" content=\"pl_PL\" \/>\n<meta property=\"og:type\" content=\"article\" \/>\n<meta property=\"og:title\" content=\"Eterna-Link \u2013 cyfrowe miejsce pami\u0119ci QR | O nas\" \/>\n<meta property=\"og:description\" content=\"Poznaj Eterna-Link \u2013 cyfrowe miejsce pami\u0119ci z QR. Odkryj nasz\u0105 misj\u0119, jak \u0142\u0105czymy trwa\u0142e pami\u0105tki z technologi\u0105, tworz\u0105c cyfrow\u0105 przestrze\u0144 wspomnie\u0144.\" \/>\n<meta property=\"og:url\" content=\"https:\/\/eterna-link.com\/pl\/o-nas\/\" \/>\n<meta property=\"og:site_name\" content=\"eterna-link\" \/>\n<meta property=\"article:modified_time\" content=\"2026-04-02T10:44:05+00:00\" \/>\n<meta property=\"og:image\" content=\"https:\/\/eterna-link.com\/wp-content\/uploads\/2026\/02\/33db8f2a-8c91-40d7-9439-33623da5e69e-e1770574395217.png\" \/>\n\t<meta property=\"og:image:width\" content=\"644\" \/>\n\t<meta property=\"og:image:height\" content=\"300\" \/>\n\t<meta property=\"og:image:type\" content=\"image\/png\" \/>\n<meta name=\"twitter:card\" content=\"summary_large_image\" \/>\n<meta name=\"twitter:label1\" content=\"Szacowany czas czytania\" \/>\n\t<meta name=\"twitter:data1\" content=\"2 minuty\" \/>\n<script type=\"application\/ld+json\" class=\"yoast-schema-graph\">{\"@context\":\"https:\\\/\\\/schema.org\",\"@graph\":[{\"@type\":\"WebPage\",\"@id\":\"https:\\\/\\\/eterna-link.com\\\/pl\\\/o-nas\\\/\",\"url\":\"https:\\\/\\\/eterna-link.com\\\/pl\\\/o-nas\\\/\",\"name\":\"Eterna-Link \u2013 cyfrowe miejsce pami\u0119ci QR | O nas\",\"isPartOf\":{\"@id\":\"https:\\\/\\\/eterna-link.com\\\/pl\\\/#website\"},\"primaryImageOfPage\":{\"@id\":\"https:\\\/\\\/eterna-link.com\\\/pl\\\/o-nas\\\/#primaryimage\"},\"image\":{\"@id\":\"https:\\\/\\\/eterna-link.com\\\/pl\\\/o-nas\\\/#primaryimage\"},\"thumbnailUrl\":\"https:\\\/\\\/eterna-link.com\\\/wp-content\\\/uploads\\\/2026\\\/02\\\/33db8f2a-8c91-40d7-9439-33623da5e69e-e1770574395217.png\",\"datePublished\":\"2026-02-15T16:12:48+00:00\",\"dateModified\":\"2026-04-02T10:44:05+00:00\",\"description\":\"Poznaj Eterna-Link \u2013 cyfrowe miejsce pami\u0119ci z QR. Odkryj nasz\u0105 misj\u0119, jak \u0142\u0105czymy trwa\u0142e pami\u0105tki z technologi\u0105, tworz\u0105c cyfrow\u0105 przestrze\u0144 wspomnie\u0144.\",\"breadcrumb\":{\"@id\":\"https:\\\/\\\/eterna-link.com\\\/pl\\\/o-nas\\\/#breadcrumb\"},\"inLanguage\":\"pl-PL\",\"potentialAction\":[{\"@type\":\"ReadAction\",\"target\":[\"https:\\\/\\\/eterna-link.com\\\/pl\\\/o-nas\\\/\"]}]},{\"@type\":\"ImageObject\",\"inLanguage\":\"pl-PL\",\"@id\":\"https:\\\/\\\/eterna-link.com\\\/pl\\\/o-nas\\\/#primaryimage\",\"url\":\"https:\\\/\\\/eterna-link.com\\\/wp-content\\\/uploads\\\/2026\\\/02\\\/33db8f2a-8c91-40d7-9439-33623da5e69e-e1770574395217.png\",\"contentUrl\":\"https:\\\/\\\/eterna-link.com\\\/wp-content\\\/uploads\\\/2026\\\/02\\\/33db8f2a-8c91-40d7-9439-33623da5e69e-e1770574395217.png\"},{\"@type\":\"BreadcrumbList\",\"@id\":\"https:\\\/\\\/eterna-link.com\\\/pl\\\/o-nas\\\/#breadcrumb\",\"itemListElement\":[{\"@type\":\"ListItem\",\"position\":1,\"name\":\"Home\",\"item\":\"https:\\\/\\\/eterna-link.com\\\/pl\\\/\"},{\"@type\":\"ListItem\",\"position\":2,\"name\":\"o nas\"}]},{\"@type\":\"WebSite\",\"@id\":\"https:\\\/\\\/eterna-link.com\\\/pl\\\/#website\",\"url\":\"https:\\\/\\\/eterna-link.com\\\/pl\\\/\",\"name\":\"eterna-link\",\"description\":\"\",\"potentialAction\":[{\"@type\":\"SearchAction\",\"target\":{\"@type\":\"EntryPoint\",\"urlTemplate\":\"https:\\\/\\\/eterna-link.com\\\/pl\\\/?s={search_term_string}\"},\"query-input\":{\"@type\":\"PropertyValueSpecification\",\"valueRequired\":true,\"valueName\":\"search_term_string\"}}],\"inLanguage\":\"pl-PL\"}]}<\/script>\n<!-- \/ Yoast SEO plugin. -->","yoast_head_json":{"title":"Eterna-Link \u2013 cyfrowe miejsce pami\u0119ci QR | O nas","description":"Poznaj Eterna-Link \u2013 cyfrowe miejsce pami\u0119ci z QR. Odkryj nasz\u0105 misj\u0119, jak \u0142\u0105czymy trwa\u0142e pami\u0105tki z technologi\u0105, tworz\u0105c cyfrow\u0105 przestrze\u0144 wspomnie\u0144.","robots":{"index":"index","follow":"follow","max-snippet":"max-snippet:-1","max-image-preview":"max-image-preview:large","max-video-preview":"max-video-preview:-1"},"canonical":"https:\/\/eterna-link.com\/pl\/o-nas\/","og_locale":"pl_PL","og_type":"article","og_title":"Eterna-Link \u2013 cyfrowe miejsce pami\u0119ci QR | O nas","og_description":"Poznaj Eterna-Link \u2013 cyfrowe miejsce pami\u0119ci z QR. Odkryj nasz\u0105 misj\u0119, jak \u0142\u0105czymy trwa\u0142e pami\u0105tki z technologi\u0105, tworz\u0105c cyfrow\u0105 przestrze\u0144 wspomnie\u0144.","og_url":"https:\/\/eterna-link.com\/pl\/o-nas\/","og_site_name":"eterna-link","article_modified_time":"2026-04-02T10:44:05+00:00","og_image":[{"width":644,"height":300,"url":"https:\/\/eterna-link.com\/wp-content\/uploads\/2026\/02\/33db8f2a-8c91-40d7-9439-33623da5e69e-e1770574395217.png","type":"image\/png"}],"twitter_card":"summary_large_image","twitter_misc":{"Szacowany czas czytania":"2 minuty"},"schema":{"@context":"https:\/\/schema.org","@graph":[{"@type":"WebPage","@id":"https:\/\/eterna-link.com\/pl\/o-nas\/","url":"https:\/\/eterna-link.com\/pl\/o-nas\/","name":"Eterna-Link \u2013 cyfrowe miejsce pami\u0119ci QR | O nas","isPartOf":{"@id":"https:\/\/eterna-link.com\/pl\/#website"},"primaryImageOfPage":{"@id":"https:\/\/eterna-link.com\/pl\/o-nas\/#primaryimage"},"image":{"@id":"https:\/\/eterna-link.com\/pl\/o-nas\/#primaryimage"},"thumbnailUrl":"https:\/\/eterna-link.com\/wp-content\/uploads\/2026\/02\/33db8f2a-8c91-40d7-9439-33623da5e69e-e1770574395217.png","datePublished":"2026-02-15T16:12:48+00:00","dateModified":"2026-04-02T10:44:05+00:00","description":"Poznaj Eterna-Link \u2013 cyfrowe miejsce pami\u0119ci z QR. Odkryj nasz\u0105 misj\u0119, jak \u0142\u0105czymy trwa\u0142e pami\u0105tki z technologi\u0105, tworz\u0105c cyfrow\u0105 przestrze\u0144 wspomnie\u0144.","breadcrumb":{"@id":"https:\/\/eterna-link.com\/pl\/o-nas\/#breadcrumb"},"inLanguage":"pl-PL","potentialAction":[{"@type":"ReadAction","target":["https:\/\/eterna-link.com\/pl\/o-nas\/"]}]},{"@type":"ImageObject","inLanguage":"pl-PL","@id":"https:\/\/eterna-link.com\/pl\/o-nas\/#primaryimage","url":"https:\/\/eterna-link.com\/wp-content\/uploads\/2026\/02\/33db8f2a-8c91-40d7-9439-33623da5e69e-e1770574395217.png","contentUrl":"https:\/\/eterna-link.com\/wp-content\/uploads\/2026\/02\/33db8f2a-8c91-40d7-9439-33623da5e69e-e1770574395217.png"},{"@type":"BreadcrumbList","@id":"https:\/\/eterna-link.com\/pl\/o-nas\/#breadcrumb","itemListElement":[{"@type":"ListItem","position":1,"name":"Home","item":"https:\/\/eterna-link.com\/pl\/"},{"@type":"ListItem","position":2,"name":"o nas"}]},{"@type":"WebSite","@id":"https:\/\/eterna-link.com\/pl\/#website","url":"https:\/\/eterna-link.com\/pl\/","name":"eterna-link","description":"","potentialAction":[{"@type":"SearchAction","target":{"@type":"EntryPoint","urlTemplate":"https:\/\/eterna-link.com\/pl\/?s={search_term_string}"},"query-input":{"@type":"PropertyValueSpecification","valueRequired":true,"valueName":"search_term_string"}}],"inLanguage":"pl-PL"}]}},"_links":{"self":[{"href":"https:\/\/eterna-link.com\/pl\/wp-json\/wp\/v2\/pages\/1431","targetHints":{"allow":["GET"]}}],"collection":[{"href":"https:\/\/eterna-link.com\/pl\/wp-json\/wp\/v2\/pages"}],"about":[{"href":"https:\/\/eterna-link.com\/pl\/wp-json\/wp\/v2\/types\/page"}],"author":[{"embeddable":true,"href":"https:\/\/eterna-link.com\/pl\/wp-json\/wp\/v2\/users\/1"}],"replies":[{"embeddable":true,"href":"https:\/\/eterna-link.com\/pl\/wp-json\/wp\/v2\/comments?post=1431"}],"version-history":[{"count":6,"href":"https:\/\/eterna-link.com\/pl\/wp-json\/wp\/v2\/pages\/1431\/revisions"}],"predecessor-version":[{"id":1605,"href":"https:\/\/eterna-link.com\/pl\/wp-json\/wp\/v2\/pages\/1431\/revisions\/1605"}],"wp:attachment":[{"href":"https:\/\/eterna-link.com\/pl\/wp-json\/wp\/v2\/media?parent=1431"}],"curies":[{"name":"wp","href":"https:\/\/api.w.org\/{rel}","templated":true}]}}