{"id":322,"date":"2025-09-08T17:15:55","date_gmt":"2025-09-08T17:15:55","guid":{"rendered":"https:\/\/eterna-link.com\/?page_id=322"},"modified":"2025-09-09T17:53:23","modified_gmt":"2025-09-09T17:53:23","slug":"impressum","status":"publish","type":"page","link":"https:\/\/eterna-link.com\/pl\/impressum\/","title":{"rendered":"impressum"},"content":{"rendered":"\n<h2 class=\"wp-block-heading has-text-align-center has-border-color has-text-color has-background has-link-color has-medium-font-size wp-elements-bf4315ede60d6029bd1ddf193a461615\" style=\"border-color:#ff6900;border-width:1px;border-radius:16px;color:#334155;background-color:#d86d381a\"><strong>Dane firmy zgodnie z prawem polskim<br><\/strong><\/h2>\n\n\n\n<p class=\"has-text-color has-link-color wp-elements-c33b581dfad2ecfec6514a59cab97cc6\" style=\"color:#334155\"><strong>D&amp;M 2k25<\/strong><br>ul. \u015awi\u0119ty Marcin 29\/8<br>61-806 Pozna\u0144, Polska<\/p>\n\n\n\n<div style=\"height:50px\" aria-hidden=\"true\" class=\"wp-block-spacer\"><\/div>\n\n\n\n<h2 class=\"wp-block-heading has-text-align-center has-border-color has-luminous-vivid-orange-border-color has-text-color has-background has-link-color has-medium-font-size wp-elements-c7c70e2cf35ce70f9c097bb2996a26da\" style=\"border-width:1px;border-radius:16px;color:#334155;background-color:#d86d381a\"><strong>Kontakt<\/strong><\/h2>\n\n\n\n<p class=\"has-text-color has-link-color wp-elements-ef9c02aef7adc2402b4c243944d684c9\" style=\"color:#334155\"><strong>Telefon:<\/strong>+49 15201494800<br><strong>Telefon:<\/strong>&nbsp;+49 0172 3835535<br><strong>Telefon:<\/strong>&nbsp;+48 796 805 779<br><strong>Telefon:<\/strong>&nbsp;+48 796 804 886<br><strong>E-mail:<\/strong>&nbsp;<a href=\"mailto:info@eterna-link.com\">info@eterna-link.com<\/a><br><strong>Godziny pracy:<\/strong>&nbsp;poniedzia\u0142ek-pi\u0105tek 11:00-17:00<\/p>\n\n\n\n<div style=\"height:50px\" aria-hidden=\"true\" class=\"wp-block-spacer\"><\/div>\n\n\n\n<h2 class=\"wp-block-heading has-text-align-center has-border-color has-text-color has-background has-link-color has-medium-font-size wp-elements-ecc602203a159a46f16cfdd19af90ce7\" style=\"border-color:#ff6900;border-width:1px;border-radius:16px;color:#334155;background-color:#d86d381a\"><strong>Dane rejestrowe<\/strong><\/h2>\n\n\n\n<p class=\"has-text-color has-link-color wp-elements-7d8cbf4a07f1e09e4a69d2ee3f893d4f\" style=\"color:#334155\"><strong>NIP:<\/strong>7831922728<br><strong>REGON:<\/strong>&nbsp;540913952<\/p>\n\n\n\n<div style=\"height:50px\" aria-hidden=\"true\" class=\"wp-block-spacer\"><\/div>\n\n\n\n<h2 class=\"wp-block-heading has-text-align-center has-border-color has-text-color has-background has-link-color has-medium-font-size wp-elements-4e38e730de33238b700d12767ebab8a2\" style=\"border-color:#ff6900;border-width:1px;border-radius:16px;color:#334155;background-color:#d86d381a\"><strong>Osoba odpowiedzialna za tre\u015b\u0107<\/strong><\/h2>\n\n\n\n<p class=\"has-text-color has-link-color wp-elements-7fad2f9b416abf7632b365d913eed199\" style=\"color:#334155\"><strong>Dawid Kaczmarek<\/strong><br>D&amp;M 2k25 Sp. z o.o.<br>ul. \u015awi\u0119ty Marcin 29\/8<br>61-806 Pozna\u0144, Polska<\/p>\n\n\n\n<div style=\"height:50px\" aria-hidden=\"true\" class=\"wp-block-spacer\"><\/div>\n\n\n\n<h2 class=\"wp-block-heading has-text-align-center has-border-color has-luminous-vivid-orange-border-color has-text-color has-background has-link-color has-medium-font-size wp-elements-ca0658537a0092b3d6e8f9977343eafe\" style=\"border-width:1px;border-radius:16px;color:#334155;background-color:#d86d381a\"><strong>Odpowiedzialno\u015b\u0107 za tre\u015bci<\/strong><\/h2>\n\n\n\n<p class=\"has-text-color has-link-color wp-elements-24514ae2fff9009cb07aa1d0d26a0afb\" style=\"color:#334155\">Tre\u015bci na naszej stronie zosta\u0142y przygotowane z najwy\u017csz\u0105 staranno\u015bci\u0105. Jako us\u0142ugodawca odpowiadamy za w\u0142asne tre\u015bci zgodnie z obowi\u0105zuj\u0105cym prawem polskim i europejskim. Nie ponosimy jednak odpowiedzialno\u015bci za tre\u015bci pochodz\u0105ce od u\u017cytkownik\u00f3w lub stron trzecich.<\/p>\n\n\n\n<div style=\"height:50px\" aria-hidden=\"true\" class=\"wp-block-spacer\"><\/div>\n\n\n\n<h2 class=\"wp-block-heading has-text-align-center has-border-color has-text-color has-background has-link-color has-medium-font-size wp-elements-e56406b936d9c79092446f3eee13471b\" style=\"border-color:#ff6900;border-width:1px;border-radius:16px;color:#334155;background-color:#d86d381a\"><strong>Odpowiedzialno\u015b\u0107 za linki zewn\u0119trzne<br><\/strong><\/h2>\n\n\n\n<p class=\"has-text-color has-link-color wp-elements-4f6ca632878d0b073aa834f0cba52952\" style=\"color:#334155\">Nasza strona mo\u017ce zawiera\u0107 linki do stron zewn\u0119trznych, na kt\u00f3rych tre\u015b\u0107 nie mamy wp\u0142ywu. W momencie zamieszczenia link\u00f3w sprawdzili\u015bmy, czy nie naruszaj\u0105 one obowi\u0105zuj\u0105cego prawa. Za aktualne tre\u015bci stron zewn\u0119trznych odpowiadaj\u0105 wy\u0142\u0105cznie ich w\u0142a\u015bciciele.<\/p>\n\n\n\n<div style=\"height:50px\" aria-hidden=\"true\" class=\"wp-block-spacer\"><\/div>\n\n\n\n<h2 class=\"wp-block-heading has-text-align-center has-border-color has-luminous-vivid-orange-border-color has-text-color has-background has-link-color has-medium-font-size wp-elements-6538ec223d7d96dee57574e179d028eb\" style=\"border-width:1px;border-radius:16px;color:#334155;background-color:#d86d381a\"><strong>Prawa autorskie<\/strong><\/h2>\n\n\n\n<p class=\"has-text-color has-link-color wp-elements-cdcd48fa25c1c150fb4487a6c12c2555\" style=\"color:#334155\">Wszystkie tre\u015bci tej strony podlegaj\u0105 ochronie prawnej. Kopiowanie, rozpowszechnianie lub inne wykorzystanie wymaga pisemnej zgody w\u0142a\u015bciciela praw autorskich. Dozwolone jest korzystanie wy\u0142\u0105cznie w celach prywatnych, niekomercyjnych.<\/p>\n\n\n\n<div style=\"height:50px\" aria-hidden=\"true\" class=\"wp-block-spacer\"><\/div>\n\n\n\n<h2 class=\"wp-block-heading has-text-align-center has-border-color has-luminous-vivid-orange-border-color has-text-color has-background has-link-color has-medium-font-size wp-elements-a6be3c64ecbef3af88475945558980a3\" style=\"border-width:1px;border-radius:16px;color:#334155;background-color:#d86d381a\"><strong>Rozwi\u0105zywanie spor\u00f3w<br><\/strong><\/h2>\n\n\n\n<p class=\"has-text-color has-link-color wp-elements-e26f48830e2f55bbf96b1a1748e5dcdf\" style=\"color:#334155\">Platforma internetowa do rozwi\u0105zywania spor\u00f3w konsumenckich:&nbsp;<a href=\"https:\/\/ec.europa.eu\/consumers\/odr\/\">https:\/\/ec.europa.eu\/consumers\/odr\/<\/a>&nbsp;Adres e-mail do kontaktu znajduje si\u0119 powy\u017cej.<\/p>\n\n\n\n<p><\/p>\n\n\n\n<div style=\"height:100px\" aria-hidden=\"true\" class=\"wp-block-spacer\"><\/div>\n","protected":false},"excerpt":{"rendered":"<p>Dane firmy zgodnie z prawem polskim D&amp;M 2k25ul. \u015awi\u0119ty Marcin 29\/861-806 Pozna\u0144, Polska Kontakt Telefon:+49 15201494800Telefon:&nbsp;+49 0172 3835535Telefon:&nbsp;+48 796 805 [&hellip;]<\/p>\n","protected":false},"author":1,"featured_media":0,"parent":0,"menu_order":0,"comment_status":"closed","ping_status":"closed","template":"","meta":{"_acf_changed":false,"inline_featured_image":false,"site-sidebar-layout":"default","site-content-layout":"","ast-site-content-layout":"default","site-content-style":"default","site-sidebar-style":"default","ast-global-header-display":"","ast-banner-title-visibility":"","ast-main-header-display":"","ast-hfb-above-header-display":"","ast-hfb-below-header-display":"","ast-hfb-mobile-header-display":"","site-post-title":"","ast-breadcrumbs-content":"","ast-featured-img":"","footer-sml-layout":"","ast-disable-related-posts":"","theme-transparent-header-meta":"","adv-header-id-meta":"","stick-header-meta":"","header-above-stick-meta":"","header-main-stick-meta":"","header-below-stick-meta":"","astra-migrate-meta-layouts":"default","ast-page-background-enabled":"default","ast-page-background-meta":{"desktop":{"background-color":"var(--ast-global-color-5)","background-image":"","background-repeat":"repeat","background-position":"center center","background-size":"auto","background-attachment":"scroll","background-type":"","background-media":"","overlay-type":"","overlay-color":"","overlay-opacity":"","overlay-gradient":""},"tablet":{"background-color":"","background-image":"","background-repeat":"repeat","background-position":"center center","background-size":"auto","background-attachment":"scroll","background-type":"","background-media":"","overlay-type":"","overlay-color":"","overlay-opacity":"","overlay-gradient":""},"mobile":{"background-color":"","background-image":"","background-repeat":"repeat","background-position":"center center","background-size":"auto","background-attachment":"scroll","background-type":"","background-media":"","overlay-type":"","overlay-color":"","overlay-opacity":"","overlay-gradient":""}},"ast-content-background-meta":{"desktop":{"background-color":"var(--ast-global-color-4)","background-image":"","background-repeat":"repeat","background-position":"center center","background-size":"auto","background-attachment":"scroll","background-type":"","background-media":"","overlay-type":"","overlay-color":"","overlay-opacity":"","overlay-gradient":""},"tablet":{"background-color":"var(--ast-global-color-4)","background-image":"","background-repeat":"repeat","background-position":"center center","background-size":"auto","background-attachment":"scroll","background-type":"","background-media":"","overlay-type":"","overlay-color":"","overlay-opacity":"","overlay-gradient":""},"mobile":{"background-color":"var(--ast-global-color-4)","background-image":"","background-repeat":"repeat","background-position":"center center","background-size":"auto","background-attachment":"scroll","background-type":"","background-media":"","overlay-type":"","overlay-color":"","overlay-opacity":"","overlay-gradient":""}},"footnotes":""},"class_list":["post-322","page","type-page","status-publish","hentry"],"acf":[],"yoast_head":"<!-- This site is optimized with the Yoast SEO plugin v27.4 - https:\/\/yoast.com\/product\/yoast-seo-wordpress\/ -->\n<title>impressum - eterna-link<\/title>\n<meta name=\"robots\" content=\"index, follow, max-snippet:-1, max-image-preview:large, max-video-preview:-1\" \/>\n<link rel=\"canonical\" href=\"https:\/\/eterna-link.com\/pl\/impressum\/\" \/>\n<meta property=\"og:locale\" content=\"pl_PL\" \/>\n<meta property=\"og:type\" content=\"article\" \/>\n<meta property=\"og:title\" content=\"impressum - eterna-link\" \/>\n<meta property=\"og:description\" content=\"Dane firmy zgodnie z prawem polskim D&amp;M 2k25ul. \u015awi\u0119ty Marcin 29\/861-806 Pozna\u0144, Polska Kontakt Telefon:+49 15201494800Telefon:&nbsp;+49 0172 3835535Telefon:&nbsp;+48 796 805 [&hellip;]\" \/>\n<meta property=\"og:url\" content=\"https:\/\/eterna-link.com\/pl\/impressum\/\" \/>\n<meta property=\"og:site_name\" content=\"eterna-link\" \/>\n<meta property=\"article:modified_time\" content=\"2025-09-09T17:53:23+00:00\" \/>\n<meta name=\"twitter:card\" content=\"summary_large_image\" \/>\n<meta name=\"twitter:label1\" content=\"Szacowany czas czytania\" \/>\n\t<meta name=\"twitter:data1\" content=\"2 minuty\" \/>\n<script type=\"application\/ld+json\" class=\"yoast-schema-graph\">{\"@context\":\"https:\\\/\\\/schema.org\",\"@graph\":[{\"@type\":\"WebPage\",\"@id\":\"https:\\\/\\\/eterna-link.com\\\/pl\\\/impressum\\\/\",\"url\":\"https:\\\/\\\/eterna-link.com\\\/pl\\\/impressum\\\/\",\"name\":\"impressum - eterna-link\",\"isPartOf\":{\"@id\":\"https:\\\/\\\/eterna-link.com\\\/pl\\\/#website\"},\"datePublished\":\"2025-09-08T17:15:55+00:00\",\"dateModified\":\"2025-09-09T17:53:23+00:00\",\"breadcrumb\":{\"@id\":\"https:\\\/\\\/eterna-link.com\\\/pl\\\/impressum\\\/#breadcrumb\"},\"inLanguage\":\"pl-PL\",\"potentialAction\":[{\"@type\":\"ReadAction\",\"target\":[\"https:\\\/\\\/eterna-link.com\\\/pl\\\/impressum\\\/\"]}]},{\"@type\":\"BreadcrumbList\",\"@id\":\"https:\\\/\\\/eterna-link.com\\\/pl\\\/impressum\\\/#breadcrumb\",\"itemListElement\":[{\"@type\":\"ListItem\",\"position\":1,\"name\":\"Home\",\"item\":\"https:\\\/\\\/eterna-link.com\\\/pl\\\/\"},{\"@type\":\"ListItem\",\"position\":2,\"name\":\"impressum\"}]},{\"@type\":\"WebSite\",\"@id\":\"https:\\\/\\\/eterna-link.com\\\/pl\\\/#website\",\"url\":\"https:\\\/\\\/eterna-link.com\\\/pl\\\/\",\"name\":\"eterna-link\",\"description\":\"\",\"potentialAction\":[{\"@type\":\"SearchAction\",\"target\":{\"@type\":\"EntryPoint\",\"urlTemplate\":\"https:\\\/\\\/eterna-link.com\\\/pl\\\/?s={search_term_string}\"},\"query-input\":{\"@type\":\"PropertyValueSpecification\",\"valueRequired\":true,\"valueName\":\"search_term_string\"}}],\"inLanguage\":\"pl-PL\"}]}<\/script>\n<!-- \/ Yoast SEO plugin. -->","yoast_head_json":{"title":"impressum - eterna-link","robots":{"index":"index","follow":"follow","max-snippet":"max-snippet:-1","max-image-preview":"max-image-preview:large","max-video-preview":"max-video-preview:-1"},"canonical":"https:\/\/eterna-link.com\/pl\/impressum\/","og_locale":"pl_PL","og_type":"article","og_title":"impressum - eterna-link","og_description":"Dane firmy zgodnie z prawem polskim D&amp;M 2k25ul. \u015awi\u0119ty Marcin 29\/861-806 Pozna\u0144, Polska Kontakt Telefon:+49 15201494800Telefon:&nbsp;+49 0172 3835535Telefon:&nbsp;+48 796 805 [&hellip;]","og_url":"https:\/\/eterna-link.com\/pl\/impressum\/","og_site_name":"eterna-link","article_modified_time":"2025-09-09T17:53:23+00:00","twitter_card":"summary_large_image","twitter_misc":{"Szacowany czas czytania":"2 minuty"},"schema":{"@context":"https:\/\/schema.org","@graph":[{"@type":"WebPage","@id":"https:\/\/eterna-link.com\/pl\/impressum\/","url":"https:\/\/eterna-link.com\/pl\/impressum\/","name":"impressum - eterna-link","isPartOf":{"@id":"https:\/\/eterna-link.com\/pl\/#website"},"datePublished":"2025-09-08T17:15:55+00:00","dateModified":"2025-09-09T17:53:23+00:00","breadcrumb":{"@id":"https:\/\/eterna-link.com\/pl\/impressum\/#breadcrumb"},"inLanguage":"pl-PL","potentialAction":[{"@type":"ReadAction","target":["https:\/\/eterna-link.com\/pl\/impressum\/"]}]},{"@type":"BreadcrumbList","@id":"https:\/\/eterna-link.com\/pl\/impressum\/#breadcrumb","itemListElement":[{"@type":"ListItem","position":1,"name":"Home","item":"https:\/\/eterna-link.com\/pl\/"},{"@type":"ListItem","position":2,"name":"impressum"}]},{"@type":"WebSite","@id":"https:\/\/eterna-link.com\/pl\/#website","url":"https:\/\/eterna-link.com\/pl\/","name":"eterna-link","description":"","potentialAction":[{"@type":"SearchAction","target":{"@type":"EntryPoint","urlTemplate":"https:\/\/eterna-link.com\/pl\/?s={search_term_string}"},"query-input":{"@type":"PropertyValueSpecification","valueRequired":true,"valueName":"search_term_string"}}],"inLanguage":"pl-PL"}]}},"_links":{"self":[{"href":"https:\/\/eterna-link.com\/pl\/wp-json\/wp\/v2\/pages\/322","targetHints":{"allow":["GET"]}}],"collection":[{"href":"https:\/\/eterna-link.com\/pl\/wp-json\/wp\/v2\/pages"}],"about":[{"href":"https:\/\/eterna-link.com\/pl\/wp-json\/wp\/v2\/types\/page"}],"author":[{"embeddable":true,"href":"https:\/\/eterna-link.com\/pl\/wp-json\/wp\/v2\/users\/1"}],"replies":[{"embeddable":true,"href":"https:\/\/eterna-link.com\/pl\/wp-json\/wp\/v2\/comments?post=322"}],"version-history":[{"count":0,"href":"https:\/\/eterna-link.com\/pl\/wp-json\/wp\/v2\/pages\/322\/revisions"}],"wp:attachment":[{"href":"https:\/\/eterna-link.com\/pl\/wp-json\/wp\/v2\/media?parent=322"}],"curies":[{"name":"wp","href":"https:\/\/api.w.org\/{rel}","templated":true}]}}